{"id":450,"date":"2021-10-20T11:09:14","date_gmt":"2021-10-20T11:09:14","guid":{"rendered":"https:\/\/www.getfluent.ro\/?page_id=450"},"modified":"2021-11-09T17:10:23","modified_gmt":"2021-11-09T17:10:23","slug":"roman-felnotteknek","status":"publish","type":"page","link":"https:\/\/www.fluentstudio.ro\/ro\/roman-felnotteknek\/","title":{"rendered":"Rom\u00e1n felnotteknek"},"content":{"rendered":"<div data-elementor-type=\"wp-page\" data-elementor-id=\"450\" class=\"elementor elementor-450\">\n\t\t\t\t\t\t<section class=\"elementor-section elementor-top-section elementor-element elementor-element-c1c4854 elementor-section-boxed elementor-section-height-default elementor-section-height-default\" data-id=\"c1c4854\" data-element_type=\"section\" data-e-type=\"section\" data-settings=\"{&quot;background_background&quot;:&quot;gradient&quot;}\">\n\t\t\t\t\t\t<div class=\"elementor-container elementor-column-gap-default\">\n\t\t\t\t\t<div class=\"elementor-column elementor-col-100 elementor-top-column elementor-element elementor-element-08d7174\" data-id=\"08d7174\" data-element_type=\"column\" data-e-type=\"column\">\n\t\t\t<div class=\"elementor-widget-wrap elementor-element-populated\">\n\t\t\t\t\t\t<div class=\"elementor-element elementor-element-c61aa9b elementor-widget elementor-widget-heading\" data-id=\"c61aa9b\" data-element_type=\"widget\" data-e-type=\"widget\" data-widget_type=\"heading.default\">\n\t\t\t\t<div class=\"elementor-widget-container\">\n\t\t\t\t\t<h3 class=\"elementor-heading-title elementor-size-large\">Limba rom\u00e2n\u0103 pentru adul\u021bi<\/h3>\t\t\t\t<\/div>\n\t\t\t\t<\/div>\n\t\t\t\t\t<\/div>\n\t\t<\/div>\n\t\t\t\t\t<\/div>\n\t\t<\/section>\n\t\t\t\t<section class=\"elementor-section elementor-top-section elementor-element elementor-element-9a2da2b elementor-section-boxed elementor-section-height-default elementor-section-height-default\" data-id=\"9a2da2b\" data-element_type=\"section\" data-e-type=\"section\" data-settings=\"{&quot;background_background&quot;:&quot;classic&quot;}\">\n\t\t\t\t\t\t<div class=\"elementor-container elementor-column-gap-default\">\n\t\t\t\t\t<div class=\"elementor-column elementor-col-50 elementor-top-column elementor-element elementor-element-b27782e\" data-id=\"b27782e\" data-element_type=\"column\" data-e-type=\"column\">\n\t\t\t<div class=\"elementor-widget-wrap elementor-element-populated\">\n\t\t\t\t\t\t<div class=\"elementor-element elementor-element-21960cc elementor-position-inline-start elementor-view-default elementor-mobile-position-block-start elementor-widget elementor-widget-icon-box\" data-id=\"21960cc\" data-element_type=\"widget\" data-e-type=\"widget\" data-widget_type=\"icon-box.default\">\n\t\t\t\t<div class=\"elementor-widget-container\">\n\t\t\t\t\t\t\t<div class=\"elementor-icon-box-wrapper\">\n\n\t\t\t\t\t\t<div class=\"elementor-icon-box-icon\">\n\t\t\t\t<span  class=\"elementor-icon\">\n\t\t\t\t<i aria-hidden=\"true\" class=\"far fa-comments\"><\/i>\t\t\t\t<\/span>\n\t\t\t<\/div>\n\t\t\t\n\t\t\t\t\t\t<div class=\"elementor-icon-box-content\">\n\n\t\t\t\t\t\t\t\t\t<h3 class=\"elementor-icon-box-title\">\n\t\t\t\t\t\t<span  >\n\t\t\t\t\t\t\tCursuri de comunicare \u00een limba rom\u00e2n\u0103\t\t\t\t\t\t<\/span>\n\t\t\t\t\t<\/h3>\n\t\t\t\t\n\t\t\t\t\t\t\t\t\t<p class=\"elementor-icon-box-description\">\n\t\t\t\t\t\tAcest curs ofer\u0103 un mediu de \u00eencredere unde cursantul se simte \u00een siguran\u021b\u0103 \u00een orice situa\u021bie de comunicare. Comunic\u0103m \u0219i exers\u0103m \u00eemrepun\u0103 folosind teme uzuale. Gramatic\u0103 se \u00eenva\u021b\u0103 doar dac\u0103 f\u0103r\u0103 ea nu te po\u021bi face \u00een\u021beles. Dup\u0103 acest curs garantat vei avea curajul de a vorbi \u00een orice situa\u021bie.\t\t\t\t\t<\/p>\n\t\t\t\t\n\t\t\t<\/div>\n\t\t\t\n\t\t<\/div>\n\t\t\t\t\t\t<\/div>\n\t\t\t\t<\/div>\n\t\t\t\t<div class=\"elementor-element elementor-element-76a007c elementor-position-inline-start elementor-view-default elementor-mobile-position-block-start elementor-widget elementor-widget-icon-box\" data-id=\"76a007c\" data-element_type=\"widget\" data-e-type=\"widget\" data-widget_type=\"icon-box.default\">\n\t\t\t\t<div class=\"elementor-widget-container\">\n\t\t\t\t\t\t\t<div class=\"elementor-icon-box-wrapper\">\n\n\t\t\t\t\t\t<div class=\"elementor-icon-box-icon\">\n\t\t\t\t<span  class=\"elementor-icon\">\n\t\t\t\t<i aria-hidden=\"true\" class=\"far fa-file\"><\/i>\t\t\t\t<\/span>\n\t\t\t<\/div>\n\t\t\t\n\t\t\t\t\t\t<div class=\"elementor-icon-box-content\">\n\n\t\t\t\t\t\t\t\t\t<h3 class=\"elementor-icon-box-title\">\n\t\t\t\t\t\t<span  >\n\t\t\t\t\t\t\tCurs de limba rom\u00e2n\u0103 pentru \u00eencep\u0103tori\t\t\t\t\t\t<\/span>\n\t\t\t\t\t<\/h3>\n\t\t\t\t\n\t\t\t\t\t\t\t\t\t<p class=\"elementor-icon-box-description\">\n\t\t\t\t\t\tCa adult greu ne decidem s\u0103 \u00eenv\u0103\u021b\u0103m o nou\u0103 limb\u0103 str\u0103in\u0103. Dac\u0103 te-ai hot\u0103r\u00e2t totu\u0219i s\u0103 \u00eencepi, intereseaz\u0103-te la noi. Acest curs este un unul clasic dar interactiv unde a\u0219ez\u0103m bazele limbii: pronun\u021bie, gramatic\u0103, vocabular \u0219i structura propozi\u021biei \u00een grupe mici.\t\t\t\t\t<\/p>\n\t\t\t\t\n\t\t\t<\/div>\n\t\t\t\n\t\t<\/div>\n\t\t\t\t\t\t<\/div>\n\t\t\t\t<\/div>\n\t\t\t\t\t<\/div>\n\t\t<\/div>\n\t\t\t\t<div class=\"elementor-column elementor-col-50 elementor-top-column elementor-element elementor-element-ed583de\" data-id=\"ed583de\" data-element_type=\"column\" data-e-type=\"column\">\n\t\t\t<div class=\"elementor-widget-wrap elementor-element-populated\">\n\t\t\t\t\t\t<div class=\"elementor-element elementor-element-6ffc714 elementor-widget__width-initial elementor-widget elementor-widget-video\" data-id=\"6ffc714\" data-element_type=\"widget\" data-e-type=\"widget\" data-settings=\"{&quot;video_type&quot;:&quot;hosted&quot;,&quot;autoplay&quot;:&quot;yes&quot;,&quot;loop&quot;:&quot;yes&quot;}\" data-widget_type=\"video.default\">\n\t\t\t\t<div class=\"elementor-widget-container\">\n\t\t\t\t\t\t\t<div class=\"e-hosted-video elementor-wrapper elementor-open-inline\">\n\t\t\t\t\t<video class=\"elementor-video\" src=\"https:\/\/www.getfluent.ro\/wp-content\/uploads\/2021\/11\/Untitled.mp4\" autoplay=\"\" loop=\"\" controlslist=\"nodownload\"><\/video>\n\t\t\t\t<\/div>\n\t\t\t\t\t\t<\/div>\n\t\t\t\t<\/div>\n\t\t\t\t\t<\/div>\n\t\t<\/div>\n\t\t\t\t\t<\/div>\n\t\t<\/section>\n\t\t\t\t<\/div>","protected":false},"excerpt":{"rendered":"<p>rom\u00e1n nyelv feln\u0151tteknek Rom\u00e1n kommunik\u00e1ci\u00f3s kik\u00e9pz\u0151 feln\u0151tteknek Pont azt csin\u00e1ljuk biztons\u00e1gos k\u00f6rnyezetben, amit\u0151l a legjobban f\u00e9lsz kommunik\u00e1ci\u00f3s helyzetben. Besz\u00e9l\u00fcnk, pr\u00f3b\u00e1lunk, edz\u00fcnk k\u00f6z\u00f6sen a mindennapi kommunik\u00e1ci\u00f3s helyzetekre. Nyelvtant csak akkor tanulunk, ha an\u00e9lk\u00fcl f\u00e9lre\u00e9rthet\u0151 vagy. Ami biztos akad egy ilyen kurzus ut\u00e1n, az a b\u00e1tors\u00e1g megsz\u00f3lalni. Rom\u00e1n kezd\u0151 feln\u0151tteknek Feln\u0151ttk\u00e9nt nehezen sz\u00e1njuk r\u00e1 magunkat egy \u00fajabb &hellip; <\/p>\n<p class=\"link-more\"><a href=\"https:\/\/www.fluentstudio.ro\/ro\/roman-felnotteknek\/\" class=\"more-link\">Continu\u0103 lectura<span class=\"screen-reader-text\"> \u201eRom\u00e1n felnotteknek\u201d<\/span><\/a><\/p>","protected":false},"author":2,"featured_media":0,"parent":0,"menu_order":0,"comment_status":"closed","ping_status":"closed","template":"elementor_canvas","meta":{"footnotes":""},"class_list":["post-450","page","type-page","status-publish","hentry"],"yoast_head":"<!-- This site is optimized with the Yoast SEO plugin v27.4 - https:\/\/yoast.com\/product\/yoast-seo-wordpress\/ -->\n<title>Rom\u00e1n felnotteknek - Fluent Studio<\/title>\n<meta name=\"robots\" content=\"index, follow, max-snippet:-1, max-image-preview:large, max-video-preview:-1\" \/>\n<link rel=\"canonical\" href=\"https:\/\/www.fluentstudio.ro\/ro\/roman-felnotteknek\/\" \/>\n<meta property=\"og:locale\" content=\"ro_RO\" \/>\n<meta property=\"og:type\" content=\"article\" \/>\n<meta property=\"og:title\" content=\"Rom\u00e1n felnotteknek - Fluent Studio\" \/>\n<meta property=\"og:description\" content=\"rom\u00e1n nyelv feln\u0151tteknek Rom\u00e1n kommunik\u00e1ci\u00f3s kik\u00e9pz\u0151 feln\u0151tteknek Pont azt csin\u00e1ljuk biztons\u00e1gos k\u00f6rnyezetben, amit\u0151l a legjobban f\u00e9lsz kommunik\u00e1ci\u00f3s helyzetben. Besz\u00e9l\u00fcnk, pr\u00f3b\u00e1lunk, edz\u00fcnk k\u00f6z\u00f6sen a mindennapi kommunik\u00e1ci\u00f3s helyzetekre. Nyelvtant csak akkor tanulunk, ha an\u00e9lk\u00fcl f\u00e9lre\u00e9rthet\u0151 vagy. Ami biztos akad egy ilyen kurzus ut\u00e1n, az a b\u00e1tors\u00e1g megsz\u00f3lalni. Rom\u00e1n kezd\u0151 feln\u0151tteknek Feln\u0151ttk\u00e9nt nehezen sz\u00e1njuk r\u00e1 magunkat egy \u00fajabb &hellip; Continu\u0103 lectura \u201eRom\u00e1n felnotteknek\u201d\" \/>\n<meta property=\"og:url\" content=\"https:\/\/www.fluentstudio.ro\/ro\/roman-felnotteknek\/\" \/>\n<meta property=\"og:site_name\" content=\"Fluent Studio\" \/>\n<meta property=\"article:publisher\" content=\"https:\/\/www.facebook.com\/fluentlearnlanguagesgermanefficientromanian\" \/>\n<meta property=\"article:modified_time\" content=\"2021-11-09T17:10:23+00:00\" \/>\n<meta name=\"twitter:card\" content=\"summary_large_image\" \/>\n<meta name=\"twitter:label1\" content=\"Timp estimat pentru citire\" \/>\n\t<meta name=\"twitter:data1\" content=\"1 minut\" \/>\n<script type=\"application\/ld+json\" class=\"yoast-schema-graph\">{\"@context\":\"https:\\\/\\\/schema.org\",\"@graph\":[{\"@type\":\"WebPage\",\"@id\":\"https:\\\/\\\/www.fluentstudio.ro\\\/hu\\\/roman-felnotteknek\\\/\",\"url\":\"https:\\\/\\\/www.fluentstudio.ro\\\/hu\\\/roman-felnotteknek\\\/\",\"name\":\"Rom\u00e1n felnotteknek - Fluent Studio\",\"isPartOf\":{\"@id\":\"https:\\\/\\\/www.fluentstudio.ro\\\/hu\\\/#website\"},\"datePublished\":\"2021-10-20T11:09:14+00:00\",\"dateModified\":\"2021-11-09T17:10:23+00:00\",\"breadcrumb\":{\"@id\":\"https:\\\/\\\/www.fluentstudio.ro\\\/hu\\\/roman-felnotteknek\\\/#breadcrumb\"},\"inLanguage\":\"ro-RO\",\"potentialAction\":[{\"@type\":\"ReadAction\",\"target\":[\"https:\\\/\\\/www.fluentstudio.ro\\\/hu\\\/roman-felnotteknek\\\/\"]}]},{\"@type\":\"BreadcrumbList\",\"@id\":\"https:\\\/\\\/www.fluentstudio.ro\\\/hu\\\/roman-felnotteknek\\\/#breadcrumb\",\"itemListElement\":[{\"@type\":\"ListItem\",\"position\":1,\"name\":\"Prima pagin\u0103\",\"item\":\"https:\\\/\\\/www.fluentstudio.ro\\\/hu\\\/\"},{\"@type\":\"ListItem\",\"position\":2,\"name\":\"Rom\u00e1n felnotteknek\"}]},{\"@type\":\"WebSite\",\"@id\":\"https:\\\/\\\/www.fluentstudio.ro\\\/hu\\\/#website\",\"url\":\"https:\\\/\\\/www.fluentstudio.ro\\\/hu\\\/\",\"name\":\"Fluent Studio\",\"description\":\"A nyelvek t\u00e9rk\u00e9pe\",\"potentialAction\":[{\"@type\":\"SearchAction\",\"target\":{\"@type\":\"EntryPoint\",\"urlTemplate\":\"https:\\\/\\\/www.fluentstudio.ro\\\/hu\\\/?s={search_term_string}\"},\"query-input\":{\"@type\":\"PropertyValueSpecification\",\"valueRequired\":true,\"valueName\":\"search_term_string\"}}],\"inLanguage\":\"ro-RO\"}]}<\/script>\n<!-- \/ Yoast SEO plugin. -->","yoast_head_json":{"title":"Rom\u00e1n felnotteknek - Fluent Studio","robots":{"index":"index","follow":"follow","max-snippet":"max-snippet:-1","max-image-preview":"max-image-preview:large","max-video-preview":"max-video-preview:-1"},"canonical":"https:\/\/www.fluentstudio.ro\/ro\/roman-felnotteknek\/","og_locale":"ro_RO","og_type":"article","og_title":"Rom\u00e1n felnotteknek - Fluent Studio","og_description":"rom\u00e1n nyelv feln\u0151tteknek Rom\u00e1n kommunik\u00e1ci\u00f3s kik\u00e9pz\u0151 feln\u0151tteknek Pont azt csin\u00e1ljuk biztons\u00e1gos k\u00f6rnyezetben, amit\u0151l a legjobban f\u00e9lsz kommunik\u00e1ci\u00f3s helyzetben. Besz\u00e9l\u00fcnk, pr\u00f3b\u00e1lunk, edz\u00fcnk k\u00f6z\u00f6sen a mindennapi kommunik\u00e1ci\u00f3s helyzetekre. Nyelvtant csak akkor tanulunk, ha an\u00e9lk\u00fcl f\u00e9lre\u00e9rthet\u0151 vagy. Ami biztos akad egy ilyen kurzus ut\u00e1n, az a b\u00e1tors\u00e1g megsz\u00f3lalni. Rom\u00e1n kezd\u0151 feln\u0151tteknek Feln\u0151ttk\u00e9nt nehezen sz\u00e1njuk r\u00e1 magunkat egy \u00fajabb &hellip; Continu\u0103 lectura \u201eRom\u00e1n felnotteknek\u201d","og_url":"https:\/\/www.fluentstudio.ro\/ro\/roman-felnotteknek\/","og_site_name":"Fluent Studio","article_publisher":"https:\/\/www.facebook.com\/fluentlearnlanguagesgermanefficientromanian","article_modified_time":"2021-11-09T17:10:23+00:00","twitter_card":"summary_large_image","twitter_misc":{"Timp estimat pentru citire":"1 minut"},"schema":{"@context":"https:\/\/schema.org","@graph":[{"@type":"WebPage","@id":"https:\/\/www.fluentstudio.ro\/hu\/roman-felnotteknek\/","url":"https:\/\/www.fluentstudio.ro\/hu\/roman-felnotteknek\/","name":"Rom\u00e1n felnotteknek - Fluent Studio","isPartOf":{"@id":"https:\/\/www.fluentstudio.ro\/hu\/#website"},"datePublished":"2021-10-20T11:09:14+00:00","dateModified":"2021-11-09T17:10:23+00:00","breadcrumb":{"@id":"https:\/\/www.fluentstudio.ro\/hu\/roman-felnotteknek\/#breadcrumb"},"inLanguage":"ro-RO","potentialAction":[{"@type":"ReadAction","target":["https:\/\/www.fluentstudio.ro\/hu\/roman-felnotteknek\/"]}]},{"@type":"BreadcrumbList","@id":"https:\/\/www.fluentstudio.ro\/hu\/roman-felnotteknek\/#breadcrumb","itemListElement":[{"@type":"ListItem","position":1,"name":"Prima pagin\u0103","item":"https:\/\/www.fluentstudio.ro\/hu\/"},{"@type":"ListItem","position":2,"name":"Rom\u00e1n felnotteknek"}]},{"@type":"WebSite","@id":"https:\/\/www.fluentstudio.ro\/hu\/#website","url":"https:\/\/www.fluentstudio.ro\/hu\/","name":"Fluent Studio","description":"A nyelvek t\u00e9rk\u00e9pe","potentialAction":[{"@type":"SearchAction","target":{"@type":"EntryPoint","urlTemplate":"https:\/\/www.fluentstudio.ro\/hu\/?s={search_term_string}"},"query-input":{"@type":"PropertyValueSpecification","valueRequired":true,"valueName":"search_term_string"}}],"inLanguage":"ro-RO"}]}},"_links":{"self":[{"href":"https:\/\/www.fluentstudio.ro\/ro\/wp-json\/wp\/v2\/pages\/450","targetHints":{"allow":["GET"]}}],"collection":[{"href":"https:\/\/www.fluentstudio.ro\/ro\/wp-json\/wp\/v2\/pages"}],"about":[{"href":"https:\/\/www.fluentstudio.ro\/ro\/wp-json\/wp\/v2\/types\/page"}],"author":[{"embeddable":true,"href":"https:\/\/www.fluentstudio.ro\/ro\/wp-json\/wp\/v2\/users\/2"}],"replies":[{"embeddable":true,"href":"https:\/\/www.fluentstudio.ro\/ro\/wp-json\/wp\/v2\/comments?post=450"}],"version-history":[{"count":0,"href":"https:\/\/www.fluentstudio.ro\/ro\/wp-json\/wp\/v2\/pages\/450\/revisions"}],"wp:attachment":[{"href":"https:\/\/www.fluentstudio.ro\/ro\/wp-json\/wp\/v2\/media?parent=450"}],"curies":[{"name":"wp","href":"https:\/\/api.w.org\/{rel}","templated":true}]}}